{"id":1475,"date":"2024-11-13T17:42:36","date_gmt":"2024-11-13T20:42:36","guid":{"rendered":"https:\/\/pagmob.com.br\/?page_id=1475"},"modified":"2025-01-06T06:33:03","modified_gmt":"2025-01-06T09:33:03","slug":"termos-de-uso-aplicativo-primova","status":"publish","type":"page","link":"https:\/\/pagmob.com.br\/?page_id=1475","title":{"rendered":"Termos de Uso"},"content":{"rendered":"<p class=\"tm8\"><strong><span class=\"tm9\">TERMOS DE USO DO APLICATIVO PRIMOVA (\u00d4\u00c7\u00a3Termos de Uso\u00d4\u00c7\u00d8)<\/span><\/strong><\/p>\n<p class=\"tm8\"><span class=\"tm10\">\u252c\u00e1<\/span><\/p>\n<p class=\"tm8\"><strong><span class=\"tm9\">SOBRE O APLICATIVO E SOBRE A PAGMOB<\/span><\/strong><\/p>\n<p class=\"tm8\"><span class=\"tm10\">O aplicativo Primova (\u00d4\u00c7\u00a3Aplicativo\u00d4\u00c7\u00d8), o cadastro de usu\u251c\u00edrios do Aplicativo, seu conte\u251c\u2551do e todas as suas funcionalidades (\u00d4\u00c7\u00a3Funcionalidades\u00d4\u00c7\u00d8) s\u251c\u00fao de propriedade exclusiva da PAGMOB DESENVOLVIMENTO EM TECNOLOGIA LTDA., CNPJ n\u252c\u2551 10.237.278\/0001-30, sociedade empres\u251c\u00edria com sede na Rua Tabapu\u251c\u00fa 1123, conjunto 243, bairro Itaim Bibi, cidade de S\u251c\u00fao Paulo, Estado de S\u251c\u00fao Paulo, CEP 04533-014, (\u00d4\u00c7\u00a3Pagmob\u00d4\u00c7\u00d8). Todos os direitos reservados.<\/span><\/p>\n<p class=\"tm8\"><span class=\"tm10\">A Pagmob disponibiliza aos usu\u251c\u00edrios do Aplicativo uma plataforma pagamento de tarifas e passagens de transporte p\u251c\u2551blico, bem como servi\u251c\u00bao de Carteira Digital. <\/span><\/p>\n<p class=\"tm8\"><span class=\"tm10\">Este Termos de Uso tem por objeto definir as regras a serem seguidas para a utiliza\u251c\u00ba\u251c\u00fao do Aplicativo, sem preju\u251c\u00a1zo da concomitante aplica\u251c\u00ba\u251c\u00fao da legisla\u251c\u00ba\u251c\u00fao vigente.<\/span><\/p>\n<p class=\"tm8\"><span class=\"tm10\">O acesso ao Aplicativo implica na aceita\u251c\u00ba\u251c\u00fao total das disposi\u251c\u00ba\u251c\u00c1es destes Termos de Uso.<\/span><\/p>\n<p class=\"tm8\"><span class=\"tm10\">O usu\u251c\u00edrio (\u00d4\u00c7\u00a3Usu\u251c\u00edrio\u00d4\u00c7\u00d8) do Aplicativo \u251c\u00ae a pessoa f\u251c\u00a1sica que instalou o Aplicativo no aparelho smartphone, preencheu o cadastro e abriu a Carteira Digital no Aplicativo.<\/span><\/p>\n<p class=\"tm8\"><strong><span class=\"tm9\">\u252c\u00e1<\/span><\/strong><\/p>\n<p class=\"tm8\"><strong><span class=\"tm9\">CARTEIRA DIGITAL<\/span><\/strong><\/p>\n<p class=\"tm8\"><span class=\"tm10\">A Carteira Digital do Aplicativo oferece aos seus usu\u251c\u00edrios a possibilidade de realizar transa\u251c\u00ba\u251c\u00c1es para o pagamento de passagens de transporte p\u251c\u2551blico diretamente pelo Aplicativo, instalado no celular smartphone. Esse servi\u251c\u00bao de pagamento est\u251c\u00ed dispon\u251c\u00a1vel nos \u251c\u2524nibus urbanos na cidade de S\u251c\u00fao Paulo, estado de S\u251c\u00fao Paulo, sob gest\u251c\u00fao da SPTrans &#8211; S\u251c\u00fao Paulo Transporte S\/A, nas linhas informadas no Aplicativo.<\/span><\/p>\n<p class=\"tm8\"><span class=\"tm10\">Para utilizar a Carteira Digital, o usu\u251c\u00edrio deve criar uma conta no Aplicativo, fornecendo informa\u251c\u00ba\u251c\u00c1es como nome completo, e-mail, endere\u251c\u00bao completo, n\u251c\u2551mero de telefone com DDD, data de nascimento, sexo e CPF. O usu\u251c\u00edrio \u251c\u00ae o \u251c\u2551nico respons\u251c\u00edvel pela veracidade das informa\u251c\u00ba\u251c\u00c1es do cadastro. O saldo da Carteira Digital, inicialmente zerado, pode ser acrescido por meio das formas de pagamento disponibilizadas pelo Aplicativo.<\/span><\/p>\n<p class=\"tm8\"><span class=\"tm10\">O sistema da Primova poder\u251c\u00ed coletar informa\u251c\u00ba\u251c\u00c1es sobre a localiza\u251c\u00ba\u251c\u00fao do usu\u251c\u00edrio e seu hist\u251c\u2502rico de uso do Aplicativo, com o objetivo de otimizar a experi\u251c\u00acncia de utiliza\u251c\u00ba\u251c\u00fao, acr\u251c\u00aescimo de valores no saldo e valida\u251c\u00ba\u251c\u00fao das opera\u251c\u00ba\u251c\u00c1es. Essas informa\u251c\u00ba\u251c\u00c1es s\u251c\u00fao tratadas em conformidade com a legisla\u251c\u00ba\u251c\u00fao vigente de prote\u251c\u00ba\u251c\u00fao de dados.<\/span><\/p>\n<p class=\"tm8\"><span class=\"tm10\">Todas as transa\u251c\u00ba\u251c\u00c1es realizadas por meio da Carteira Digital s\u251c\u00fao protegidas por mecanismos de seguran\u251c\u00baa, incluindo a obrigatoriedade de uso de um PIN pessoal para confirmar pagamentos e aquisi\u251c\u00ba\u251c\u00c1es de passagens ou pacotes de passagens. Os dados de pagamento s\u251c\u00fao mantidos confidenciais e protegidos pelas pr\u251c\u00edticas de seguran\u251c\u00baa adotadas pela Primova.<\/span><\/p>\n<p class=\"tm8\"><span class=\"tm10\">Caso o usu\u251c\u00edrio deseje solicitar a devolu\u251c\u00ba\u251c\u00fao do saldo restante em sua Carteira Digital, a solicita\u251c\u00ba\u251c\u00fao deve ser feita diretamente pelo email atendimento-suporte@primova.com.br. A devolu\u251c\u00ba\u251c\u00fao ser\u251c\u00ed efetuada para uma conta corrente banc\u251c\u00edria ou conta poupan\u251c\u00baa, por meio de PIX ou transfer\u251c\u00acncia banc\u251c\u00edria, vinculada ao nome e CPF do titular da Conta Digital do Aplicativo Primova. O email deve conter as seguintes informa\u251c\u00ba\u251c\u00c1es: nome completo, telefone de contato com DDD, CPF, email de contato, chave PIX ou dados da conta banc\u251c\u00edria. O email utilizado para enviar os dados deve ser o mesmo do cadastro da conta. O prazo para devolu\u251c\u00ba\u251c\u00fao do saldo remanescente \u251c\u00ae de at\u251c\u00ae 10 (dez) dias \u251c\u2551teis ap\u251c\u2502s o envio do email com as informa\u251c\u00ba\u251c\u00c1es corretas.<\/span><\/p>\n<p class=\"tm8\"><span class=\"tm10\">A partir do momento que o usu\u251c\u00edrio adquire passagens de transporte p\u251c\u2551blico (unit\u251c\u00edrias ou pacotes), utilizando o saldo dispon\u251c\u00a1vel na Carteira Digital do Aplicativo ou por pagamento por PIX n\u251c\u00fao haver\u251c\u00ed a possibilidade de devolu\u251c\u00ba\u251c\u00fao do valor utilizado para a aquisi\u251c\u00ba\u251c\u00fao das passagens ou pacotes.<\/span><\/p>\n<p class=\"tm8\"><span class=\"tm10\">Caso a Carteira Digital n\u251c\u00fao apresente nenhum tipo de movimenta\u251c\u00ba\u251c\u00fao, seja sa\u251c\u00a1da ou entrada de valores, por 12 (doze) meses consecutivos, ser\u251c\u00ed cobrada, mensalmente, nos meses subsequentes, a Tarifa de Inatividade no valor de R$ 2,99 (dois reais e noventa e nove centavos). A Tarifa de Inatividade ser\u251c\u00ed aplicada para cobertura dos custos de infraestrutura tecnol\u251c\u2502gica, software e demais custos operacionais, existentes para manter a Carteira Digital. Caso o saldo dispon\u251c\u00a1vel na Carteira Digital seja inferior ao valor da Tarifa de Inatividade, ser\u251c\u00ed debitado somente o valor dispon\u251c\u00a1vel no saldo. O saldo da Carteira Digital n\u251c\u00fao ser\u251c\u00ed inferior a zero e o usu\u251c\u00edrio n\u251c\u00fao ser\u251c\u00ed considerado devedor. <\/span><\/p>\n<p class=\"tm8\"><span class=\"tm10\">\u252c\u00e1<\/span><\/p>\n<p class=\"tm8\"><strong><span class=\"tm9\">FUNCIONALIDADES DO APLICATIVO<\/span><\/strong><\/p>\n<p class=\"tm8\"><span class=\"tm10\">As Funcionalidades do Aplicativo incluem: <\/span><\/p>\n<p class=\"tm12\"><span class=\"tm13\">a. Cadastro de usu\u251c\u00edrios para acessar o Aplicativo e utilizar a Carteira Digital;<\/span><\/p>\n<p class=\"tm12\"><span class=\"tm13\">b. Controle de acesso \u251c\u00e1s Funcionalidades internas do Aplicativo (\u00d4\u00c7\u00a3Login\u00d4\u00c7\u00d8);<\/span><\/p>\n<p class=\"tm12\"><span class=\"tm13\">c. Recarga da Carteira Digital por meio de PIX (pagamento instant\u251c\u00f3neo brasileiro criado pelo Banco Central do Brasil). Os usu\u251c\u00edrios do Aplicativo podem recarregar sua Carteira Digital no Aplicativo Primova utilizando a funcionalidade PIX;<\/span><\/p>\n<p class=\"tm12\"><span class=\"tm13\">d. Compra de passagens avulsas ou pacotes de passagens (di\u251c\u00edria, semanal ou mensal), utilizando saldo da Carteira Digital do Aplicativo ou PIX;<\/span><\/p>\n<p class=\"tm12\"><span class=\"tm13\">e. Pagamento da passagem ou tarifa de transporte p\u251c\u2551blico por meio de aproxima\u251c\u00ba\u251c\u00fao do aparelho celular. Nesse processo de pagamento, a passagem ser\u251c\u00ed debitada das passagens avulsas adquiridas previamente ou do pacote de passagens adquiridos previamente. <\/span><\/p>\n<p class=\"tm8\"><strong><span class=\"tm9\">PACOTES DE PASSAGENS<\/span><\/strong><\/p>\n<p class=\"tm8\"><span class=\"tm10\">O usu\u251c\u00edrio pode optar por adquirir passagens avulsas ou pacotes de passagens. <\/span><\/p>\n<p class=\"tm12\"><span class=\"tm13\">a) Passagem Avulsa (R$5,00 cada)<\/span><\/p>\n<p class=\"tm12\"><span class=\"tm13\">b) Pacote Di\u251c\u00edrio de Passagens (R$19,10 cada pacote), contendo 10 passagens para serem utilizadas em 24 horas seguidas. O prazo de 24 horas se inicia ap\u251c\u2502s a utiliza\u251c\u00ba\u251c\u00fao da primeira passagem do pacote.<\/span><\/p>\n<p class=\"tm12\"><span class=\"tm13\">c) Pacote Semanal de Passagens (R$63,15 cada pacote), contendo 10 passagens por dia por 7 dias seguidos. O prazo de 7 dias se inicia ap\u251c\u2502s a utiliza\u251c\u00ba\u251c\u00fao da primeira passagem do pacote.<\/span><\/p>\n<p class=\"tm12\"><span class=\"tm13\">d) Pacote Mensal de Passagens (R$242,95 cada pacote), contendo 10 passagens por dia por 30 dias seguidos. O prazo de 30 dias se inicia ap\u251c\u2502s a utiliza\u251c\u00ba\u251c\u00fao da primeira passagem do pacote.<\/span><\/p>\n<p class=\"tm15\"><span class=\"tm10\">N\u251c\u00fao \u251c\u00ae permitida a utiliza\u251c\u00ba\u251c\u00fao de mais de um pacote simultaneamente. Ou seja, se o usu\u251c\u00edrio adquirir um pacote, ele ter\u251c\u00ed que aguardar o fim do prazo de utiliza\u251c\u00ba\u251c\u00fao (um dia, uma semana ou um m\u251c\u00acs para os pacotes, respectivamente, Di\u251c\u00edrio, Semanal ou Mensal) para poder adquirir novo pacote de passagens. A compra de passagens avulsas n\u251c\u00fao tem limite. <\/span><\/p>\n<p class=\"tm15\"><span class=\"tm10\">\u252c\u00e1<\/span><\/p>\n<p class=\"tm8\"><strong><span class=\"tm9\">CONDI\u251c\u00e7\u251c\u00f2ES GERAIS DE ACESSO E USO DO APLICATIVO<\/span><\/strong><\/p>\n<p class=\"tm8\"><span class=\"tm10\">O Aplicativo \u251c\u00ae de uso exclusivo para pessoas com idade superior ou igual a 18 (dezoito) anos, residentes e domiciliados no Brasil e que possuam plena capacidade legal para sua utiliza\u251c\u00ba\u251c\u00fao. Caso o Usu\u251c\u00edrio n\u251c\u00fao tenha 18 anos de idade completos, o Usu\u251c\u00edrio se compromete a concluir seu cadastro sob a supervis\u251c\u00fao de um dos seus pais ou do seu respons\u251c\u00edvel legal.<\/span><\/p>\n<p class=\"tm8\"><span class=\"tm10\">O usu\u251c\u00edrio se compromete a utilizar a plataforma de modo a n\u251c\u00fao causar preju\u251c\u00a1zos a quaisquer direitos ou interesses de terceiros, ou de qualquer forma que possa vir a causar dano, sobrecarregar, inutilizar ou impedir o seu regular funcionamento. O usu\u251c\u00edrio tamb\u251c\u00aem se compromete a n\u251c\u00fao divulgar seu login ou senha para terceiros e nem permitir que terceiros acessem o Aplicativo, ficando sob sua exclusiva responsabilidade qualquer solicita\u251c\u00ba\u251c\u00fao de servi\u251c\u00bao ou transa\u251c\u00ba\u251c\u00c1es financeiras (&#8220;Transa\u251c\u00ba\u251c\u00c1es&#8221;) que sejam efetivadas com o uso de seu login, senha e PIN.<\/span><\/p>\n<p class=\"tm8\"><span class=\"tm10\">O acesso ao Aplicativo e suas funcionalidades \u251c\u00ae gratuito e pode ser feito por aparelho celular smartphone, com acesso \u251c\u00e1 Internet, com sistemas operacionais iOS ou Android. O n\u251c\u00fao acesso \u251c\u00e1 Internet impede o funcionamento adequado do Aplicativo e suas Funcionalidades. <\/span><\/p>\n<p class=\"tm8\"><span class=\"tm10\">Todas as informa\u251c\u00ba\u251c\u00c1es pessoais fornecidas voluntariamente atrav\u251c\u00aes do Aplicativo ou coletadas atrav\u251c\u00aes de procedimentos automatizados est\u251c\u00fao sujeitas a Pol\u251c\u00a1tica de Privacidade do Aplicativo Primova dispon\u251c\u00a1vel no site www.pagmob.com.br.<\/span><\/p>\n<p class=\"tm8\"><span class=\"tm10\">A Pagmob reserva-se o direito de suspender ou cancelar o acesso de qualquer usu\u251c\u00edrio ao Aplicativo a qualquer momento, em caso de fraude comprovada, participa\u251c\u00ba\u251c\u00fao atrav\u251c\u00aes da obten\u251c\u00ba\u251c\u00fao de benef\u251c\u00a1cio il\u251c\u00a1cito ou vantagem de forma il\u251c\u00a1cita ou pelo n\u251c\u00fao cumprimento de quaisquer das condi\u251c\u00ba\u251c\u00c1es destes Termos de Uso ou da legisla\u251c\u00ba\u251c\u00fao aplic\u251c\u00edvel, sem que seja devida qualquer indeniza\u251c\u00ba\u251c\u00fao ao usu\u251c\u00edrio e sem preju\u251c\u00a1zo de a\u251c\u00ba\u251c\u00fao de regresso a ser promovida pela Pagmob ou qualquer outro questionamento.<\/span><\/p>\n<p class=\"tm8\"><span class=\"tm10\">A Pagmob poder\u251c\u00ed n\u251c\u00fao disponibilizar algumas das Funcionalidades do Aplicativo, relacionadas neste Termos de Uso, sem avisar previamente o usu\u251c\u00edrio do Aplicativo. <\/span><\/p>\n<p class=\"tm8\"><span class=\"tm10\">\u252c\u00e1<\/span><\/p>\n<p class=\"tm8\"><strong><span class=\"tm9\">LIMITA\u251c\u00e7\u251c\u00e2O DE RESPONSABILIDADE<\/span><\/strong><\/p>\n<p class=\"tm8\"><span class=\"tm10\">Em nenhuma hip\u251c\u2502tese a Pagmob ser\u251c\u00ed responsabilizada pela n\u251c\u00fao efetiva\u251c\u00ba\u251c\u00fao da transa\u251c\u00ba\u251c\u00fao em raz\u251c\u00fao das particularidades do relacionamento existente entre o Usu\u251c\u00edrio, o emissor do seu cart\u251c\u00fao de cr\u251c\u00aedito ou d\u251c\u00aebito cadastrado como meio de pagamento das transa\u251c\u00ba\u251c\u00c1es, ou institui\u251c\u00ba\u251c\u00c1es financeiras no caso de transa\u251c\u00ba\u251c\u00c1es de PIX.<\/span><\/p>\n<p class=\"tm8\"><span class=\"tm10\">O usu\u251c\u00edrio ser\u251c\u00ed respons\u251c\u00edvel por todas as transa\u251c\u00ba\u251c\u00c1es conduzidas atrav\u251c\u00aes de sua Carteira Digital e deve dar pronto aviso \u251c\u00e1 Pagmob no caso da perda de seus dados de acesso ou de qualquer suspeita ou efetivo uso ou acesso \u251c\u00e1 sua conta por terceiros atrav\u251c\u00aes da Central de Atendimento Pagmob (<\/span><u><a href=\"mailto:atendimento-suporte@primova.com.br\"><span class=\"tm16\">atendimento-suporte@primova.com.br<\/span><\/a>).<\/u><\/p>\n<p class=\"tm8\"><span class=\"tm10\">O Pagmob utiliza tecnologias de <\/span><em><span class=\"tm17\">Global Positioning System<\/span><\/em><span class=\"tm10\"> (\u00d4\u00c7\u00a3GPS\u00d4\u00c7\u00d8) para realizar o mapeamento e identifica\u251c\u00ba\u251c\u00fao do posicionamento do usu\u251c\u00edrio no momento de utiliza\u251c\u00ba\u251c\u00fao do Aplicativo, uma vez que algumas das suas Funcionalidades estar\u251c\u00fao habilitadas somente na cidade correspondente. Tendo em vista as caracter\u251c\u00a1sticas inerentes a servi\u251c\u00baos GPS, as informa\u251c\u00ba\u251c\u00c1es de geolocaliza\u251c\u00ba\u251c\u00fao n\u251c\u00fao possuem a finalidade de substituir as informa\u251c\u00ba\u251c\u00c1es efetivamente ocorridas em tempo real. <\/span><\/p>\n<p class=\"tm8\"><span class=\"tm10\">A Pagmob n\u251c\u00fao ser\u251c\u00ed respons\u251c\u00edvel por qualquer falha no Aplicativo que porventura possa ocorrer em decorr\u251c\u00acncia de caso fortuito e\/ou for\u251c\u00baa maior e, tamb\u251c\u00aem, em decorr\u251c\u00acncia de falhas nos terminais de dados que sejam causadas por culpa de terceiros, ou por aus\u251c\u00acncia de sinal das redes de telecomunica\u251c\u00ba\u251c\u00fao, internet ou wifi.<\/span><\/p>\n<p class=\"tm8\"><span class=\"tm10\">Tendo em vista as caracter\u251c\u00a1sticas inerentes ao ambiente da internet, a Pagmob n\u251c\u00fao se responsabiliza por interrup\u251c\u00ba\u251c\u00c1es ou suspens\u251c\u00c1es de conex\u251c\u00fao, transmiss\u251c\u00c1es de dados incompletas ou que falhem, bem como por falhas t\u251c\u00aecnicas de qualquer tipo, incluindo, mas n\u251c\u00fao se limitando, ao mau funcionamento eletr\u251c\u2524nico de qualquer rede, hardware ou software, a indisponibilidade de acesso \u251c\u00e1 internet ou aos sistemas da Pagmob.<\/span><\/p>\n<p class=\"tm8\"><span class=\"tm10\">\u251c\u00eb de inteira responsabilidade do usu\u251c\u00edrio equipar-se e responsabilizar-se pelos dispositivos m\u251c\u2502veis necess\u251c\u00edrios para o acesso ao Aplicativo, bem como pelo acesso desses dispositivos \u251c\u00e1 internet; manter o ambiente de seus dispositivos m\u251c\u2502veis seguros, com o uso de ferramentas dispon\u251c\u00a1veis como antiv\u251c\u00a1rus e firewall, entre outras, de modo a contribuir na preven\u251c\u00ba\u251c\u00fao de riscos eletr\u251c\u2524nicos; e utilizar sistemas operacionais atualizados e eficientes para a plena utiliza\u251c\u00ba\u251c\u00fao do Aplicativo.<\/span><\/p>\n<p class=\"tm8\"><span class=\"tm10\">Para o bom funcionamento do Aplicativo e a fim de melhor atender as necessidades dos usu\u251c\u00edrios, a Pagmob reserva-se o direito de, sem aviso pr\u251c\u00aevio, atualizar, modificar, adaptar ou alterar o Aplicativo e sua interface com os usu\u251c\u00edrios, sempre que julgar que tais modifica\u251c\u00ba\u251c\u00c1es possam resultar no aperfei\u251c\u00baoamento t\u251c\u00aecnico do Aplicativo ou em sua adequa\u251c\u00ba\u251c\u00fao a novos sistemas operacionais, ou novas vers\u251c\u00c1es de sistemas operacionais. <\/span><\/p>\n<p class=\"tm8\"><span class=\"tm10\">Considerando que novas vers\u251c\u00c1es dos sistemas operacionais iOS e Android s\u251c\u00fao disponibilizadas, a Pagmob reserva-se o direito de, sem aviso pr\u251c\u00aevio, atualizar, modificar, adaptar ou alterar o Aplicativo para essas novas vers\u251c\u00c1es; e a Pagmob reserva-se no direito de escolher, sem a necessidade de aviso pr\u251c\u00aevio ou qualquer forma de divulga\u251c\u00ba\u251c\u00fao, as vers\u251c\u00c1es dos sistemas operacionais, iOS e Android, onde o Aplicativo poder\u251c\u00ed funcionar.<\/span><\/p>\n<p class=\"tm8\"><span class=\"tm10\">\u252c\u00e1<\/span><\/p>\n<p class=\"tm8\"><strong><span class=\"tm9\">PROPRIEDADE INTELECTUAL<\/span><\/strong><\/p>\n<p class=\"tm8\"><span class=\"tm10\">Todos os direitos relativos ao Aplicativo e suas funcionalidades s\u251c\u00fao de propriedade exclusiva da Pagmob, inclusive no que diz respeito aos seus textos, imagens, layouts, c\u251c\u2502digos, bases de dados, incluindo as informa\u251c\u00ba\u251c\u00c1es disponibilizadas por empresas terceiras e pelos usu\u251c\u00edrios, bem como os demais conte\u251c\u2551dos produzidos direta ou indiretamente pela Pagmob e o Aplicativo.<\/span><\/p>\n<p class=\"tm8\"><span class=\"tm10\">Salvo se expressamente autorizado pela Pagmob, fica proibido reproduzir, divulgar, copiar, ceder, vender, alienar ou transferir, total ou parcialmente, sob quaisquer modalidades, a qualquer t\u251c\u00a1tulo, qualquer conte\u251c\u2551do disponibilizados atrav\u251c\u00aes do Aplicativo, bem como quaisquer outros direitos a eles referentes; executar engenharia reversa no Aplicativo; desenvolver, criar ou patrocinar quaisquer programas, t\u251c\u00aecnicas e\/ou software maliciosos que possam alterar ou copiar ou prejudicar o funcionamento do Aplicativo, ainda que seja para introduzir melhores t\u251c\u00aecnicas e\/ou procedimentos; criar c\u251c\u2502pias, digitais ou f\u251c\u00a1sicas, em qualquer m\u251c\u00a1dia, do Aplicativo e de seu conte\u251c\u2551do; utilizar a base de dados ou qualquer servi\u251c\u00bao REST fornecido pela plataforma Pagmob.<\/span><\/p>\n<p class=\"tm8\"><span class=\"tm10\">Nenhuma c\u251c\u2502pia, distribui\u251c\u00ba\u251c\u00fao, engenharia reversa, exibi\u251c\u00ba\u251c\u00fao ou divulga\u251c\u00ba\u251c\u00fao do Aplicativo deve ser entendida como restri\u251c\u00ba\u251c\u00fao ou ren\u251c\u2551ncia dos direitos da Pagmob sobre o Aplicativo.<\/span><\/p>\n<p class=\"tm8\"><span class=\"tm10\">Termos de Uso, voc\u251c\u00ac declara ter conhecimento de que todas as informa\u251c\u00ba\u251c\u00c1es, marcas, nomes comerciais, designa\u251c\u00ba\u251c\u00c1es, dados, textos, gr\u251c\u00edficos, imagens, desenhos, fotografias, audios, v\u251c\u00a1deos, logotipos, \u251c\u00a1cones, programas, bancos de dados, c\u251c\u2502digo ou quaisquer outras informa\u251c\u00ba\u251c\u00c1es que est\u251c\u00fao ou venham a ser incorporadas ao Aplicativo s\u251c\u00fao de propriedade da Pagmob ou de seus parceiros comerciais, e s\u251c\u00fao protegidos pelas leis e tratados internacionais relacionados \u251c\u00e1 prote\u251c\u00ba\u251c\u00fao da propriedade intelectual.<\/span><\/p>\n<p class=\"tm8\"><span class=\"tm10\">A utiliza\u251c\u00ba\u251c\u00fao ou reprodu\u251c\u00ba\u251c\u00fao n\u251c\u00fao autorizada do conte\u251c\u2551do do App sem a expressa autoriza\u251c\u00ba\u251c\u00fao por escrito \u251c\u00ae estritamente proibida.<\/span><\/p>\n<p class=\"tm8\"><span class=\"tm10\">\u252c\u00e1<\/span><\/p>\n<p class=\"tm8\"><strong><span class=\"tm9\">DISPOSI\u251c\u00e7\u251c\u00f2ES GERAIS<\/span><\/strong><\/p>\n<p class=\"tm8\"><span class=\"tm10\">A Pagmob reserva-se o direito de alterar as condi\u251c\u00ba\u251c\u00c1es destes Termos de Uso a qualquer momento.<\/span><\/p>\n<p class=\"tm8\"><span class=\"tm10\">Na hip\u251c\u2502tese de qualquer disposi\u251c\u00ba\u251c\u00fao destes Termos de Uso vir a ser declarada nula por qualquer motivo, tal disposi\u251c\u00ba\u251c\u00fao n\u251c\u00fao afetar\u251c\u00ed as demais disposi\u251c\u00ba\u251c\u00c1es, as quais continuar\u251c\u00fao em vigor produzindo seus efeitos.<\/span><\/p>\n<p class=\"tm8\"><span class=\"tm10\">A omiss\u251c\u00fao ou toler\u251c\u00f3ncia da Pagmob em exigir o estrito cumprimento das condi\u251c\u00ba\u251c\u00c1es destes Termos de Uso, n\u251c\u00fao constitui, em nenhuma hip\u251c\u2502tese, nova\u251c\u00ba\u251c\u00fao ou ren\u251c\u2551ncia, nem impede que a Pagmob exer\u251c\u00baa esses direitos a qualquer tempo.<\/span><\/p>\n<p class=\"tm8\"><span class=\"tm10\">A Pagmob poder\u251c\u00ed interromper o funcionamento do Aplicativo a qualquer momento, sem que seja devida qualquer indeniza\u251c\u00ba\u251c\u00fao aos usu\u251c\u00edrios. Em caso de suspens\u251c\u00fao do Aplicativo por motivos que a Pagmob n\u251c\u00fao tenha controle, n\u251c\u00fao ser\u251c\u00ed devida nenhuma indeniza\u251c\u00ba\u251c\u00fao aos usu\u251c\u00edrios, sendo certo que t\u251c\u00fao logo a situa\u251c\u00ba\u251c\u00fao seja normalizada, a utiliza\u251c\u00ba\u251c\u00fao do Pagmob ter\u251c\u00ed prosseguimento.<\/span><\/p>\n<p class=\"tm8\"><span class=\"tm10\">Qualquer d\u251c\u2551vida ou solicita\u251c\u00ba\u251c\u00fao relacionada a estes Termos de Uso dever\u251c\u00ed ser enviada \u251c\u00e1 Pagmob por meio do (<\/span><u><a href=\"mailto:atendimento-suporte@primova.com.br\"><span class=\"tm10\">atendimento-suporte@primova.com.br<\/span><\/a><span class=\"tm18\">).<\/span><\/u><\/p>\n<p class=\"tm8\"><span class=\"tm10\">\u252c\u00e1<\/span><\/p>\n<p class=\"tm8\"><strong><span class=\"tm9\">VIG\u251c\u00e8NCIA<\/span><\/strong><\/p>\n<p class=\"tm8\"><span class=\"tm10\">O presente Termos de Uso permanecer\u251c\u00ed vigente por todo tempo em que o usu\u251c\u00edrio mantiver uma conta ativa no Aplicativo.<\/span><\/p>\n<p class=\"tm8\"><span class=\"tm16\">\u252c\u00e1<\/span><\/p>\n<p class=\"tm8\"><span class=\"tm16\">\u252c\u00e1<\/span><\/p>\n<p class=\"Normal\">\n","protected":false},"excerpt":{"rendered":"<p>TERMOS DE USO DO APLICATIVO PRIMOVA (\u00d4\u00c7\u00a3Termos de Uso\u00d4\u00c7\u00d8) \u252c\u00e1 SOBRE O APLICATIVO E SOBRE A PAGMOB O aplicativo Primova (\u00d4\u00c7\u00a3Aplicativo\u00d4\u00c7\u00d8), o cadastro de usu\u251c\u00edrios do Aplicativo, seu conte\u251c\u2551do e todas as suas funcionalidades (\u00d4\u00c7\u00a3Funcionalidades\u00d4\u00c7\u00d8) s\u251c\u00fao de propriedade exclusiva da PAGMOB DESENVOLVIMENTO EM TECNOLOGIA LTDA., CNPJ n\u252c\u2551 10.237.278\/0001-30, sociedade empres\u251c\u00edria com sede na Rua Tabapu\u251c\u00fa [&hellip;]<\/p>\n","protected":false},"author":3,"featured_media":0,"parent":0,"menu_order":0,"comment_status":"closed","ping_status":"closed","template":"","meta":{"footnotes":""},"_links":{"self":[{"href":"https:\/\/pagmob.com.br\/index.php?rest_route=\/wp\/v2\/pages\/1475"}],"collection":[{"href":"https:\/\/pagmob.com.br\/index.php?rest_route=\/wp\/v2\/pages"}],"about":[{"href":"https:\/\/pagmob.com.br\/index.php?rest_route=\/wp\/v2\/types\/page"}],"author":[{"embeddable":true,"href":"https:\/\/pagmob.com.br\/index.php?rest_route=\/wp\/v2\/users\/3"}],"replies":[{"embeddable":true,"href":"https:\/\/pagmob.com.br\/index.php?rest_route=%2Fwp%2Fv2%2Fcomments&post=1475"}],"version-history":[{"count":4,"href":"https:\/\/pagmob.com.br\/index.php?rest_route=\/wp\/v2\/pages\/1475\/revisions"}],"predecessor-version":[{"id":1489,"href":"https:\/\/pagmob.com.br\/index.php?rest_route=\/wp\/v2\/pages\/1475\/revisions\/1489"}],"wp:attachment":[{"href":"https:\/\/pagmob.com.br\/index.php?rest_route=%2Fwp%2Fv2%2Fmedia&parent=1475"}],"curies":[{"name":"wp","href":"https:\/\/api.w.org\/{rel}","templated":true}]}}